{"id":1849,"date":"2014-06-17T16:18:18","date_gmt":"2014-06-17T14:18:18","guid":{"rendered":"http:\/\/kortheuer.media-systeme.net\/content\/?page_id=1849"},"modified":"2014-06-18T21:39:02","modified_gmt":"2014-06-18T19:39:02","slug":"winterdienst","status":"publish","type":"page","link":"https:\/\/www.kortheuer.de\/?page_id=1849","title":{"rendered":"Winterdienst"},"content":{"rendered":"<div id='layer_slider_1'  class='avia-layerslider main_color avia-shadow  avia-builder-el-0  el_before_av_one_third  avia-builder-el-first  container_wrap fullsize'  style='height: 251px;'  ><\/div><div id='after_layer_slider_1'  class='main_color av_default_container_wrap container_wrap fullsize'  ><div class='container av-section-cont-open' ><div class='template-page content  av-content-full alpha units'><div class='post-entry post-entry-type-page post-entry-1849'><div class='entry-content-wrapper clearfix'>\n<div  class='flex_column av-av_one_third-2a9015ff38129c418a3f2eafba3e9512 av_one_third  avia-builder-el-1  el_after_av_layerslider  el_before_av_two_third  avia-builder-el-first  first flex_column_div  '     ><div  class='avia-builder-widget-area clearfix  avia-builder-el-2  avia-builder-el-no-sibling '><div id=\"nav_menu-3\" class=\"widget clearfix widget_nav_menu\"><div class=\"menu-unsere-leistungen-container\"><ul id=\"menu-unsere-leistungen\" class=\"menu\"><li id=\"menu-item-1571\" class=\"menu-item menu-item-type-post_type menu-item-object-page menu-item-1571\"><a href=\"https:\/\/www.kortheuer.de\/?page_id=1554\">Baumf\u00e4llungen\/-schnitt<\/a><\/li>\n<li id=\"menu-item-1671\" class=\"menu-item menu-item-type-post_type menu-item-object-page menu-item-1671\"><a href=\"https:\/\/www.kortheuer.de\/?page_id=1664\">Dachbegr\u00fcnung<\/a><\/li>\n<li id=\"menu-item-1715\" class=\"menu-item menu-item-type-post_type menu-item-object-page menu-item-1715\"><a href=\"https:\/\/www.kortheuer.de\/?page_id=1676\">Entsorgung<\/a><\/li>\n<li id=\"menu-item-1714\" class=\"menu-item menu-item-type-post_type menu-item-object-page menu-item-1714\"><a href=\"https:\/\/www.kortheuer.de\/?page_id=1678\">Erdarbeiten<\/a><\/li>\n<li id=\"menu-item-1713\" class=\"menu-item menu-item-type-post_type menu-item-object-page menu-item-1713\"><a href=\"https:\/\/www.kortheuer.de\/?page_id=1686\">Gartenpflege<\/a><\/li>\n<li id=\"menu-item-1712\" class=\"menu-item menu-item-type-post_type menu-item-object-page menu-item-1712\"><a href=\"https:\/\/www.kortheuer.de\/?page_id=1693\">Gartenneugestaltung<\/a><\/li>\n<li id=\"menu-item-1863\" class=\"menu-item menu-item-type-post_type menu-item-object-page menu-item-1863\"><a href=\"https:\/\/www.kortheuer.de\/?page_id=1774\">Lieferung von Baustoffen<\/a><\/li>\n<li id=\"menu-item-1864\" class=\"menu-item menu-item-type-post_type menu-item-object-page menu-item-1864\"><a href=\"https:\/\/www.kortheuer.de\/?page_id=1768\">Holzarbeiten<\/a><\/li>\n<li id=\"menu-item-1862\" class=\"menu-item menu-item-type-post_type menu-item-object-page menu-item-1862\"><a href=\"https:\/\/www.kortheuer.de\/?page_id=1776\">Mauerbau \/ Hangsicherung<\/a><\/li>\n<li id=\"menu-item-1861\" class=\"menu-item menu-item-type-post_type menu-item-object-page menu-item-1861\"><a href=\"https:\/\/www.kortheuer.de\/?page_id=1787\">Pflanzarbeiten<\/a><\/li>\n<li id=\"menu-item-1860\" class=\"menu-item menu-item-type-post_type menu-item-object-page menu-item-1860\"><a href=\"https:\/\/www.kortheuer.de\/?page_id=1802\">Rasenarbeiten<\/a><\/li>\n<li id=\"menu-item-1859\" class=\"menu-item menu-item-type-post_type menu-item-object-page menu-item-1859\"><a href=\"https:\/\/www.kortheuer.de\/?page_id=1813\">Teichbau \/ Bew\u00e4sserung<\/a><\/li>\n<li id=\"menu-item-1857\" class=\"menu-item menu-item-type-post_type menu-item-object-page menu-item-1857\"><a href=\"https:\/\/www.kortheuer.de\/?page_id=1835\">Treppenanlagen<\/a><\/li>\n<li id=\"menu-item-1858\" class=\"menu-item menu-item-type-post_type menu-item-object-page menu-item-1858\"><a href=\"https:\/\/www.kortheuer.de\/?page_id=1824\">Terrassenbau \/ Pflasterarbeiten \/ Natursteinarbeiten<\/a><\/li>\n<li id=\"menu-item-1856\" class=\"menu-item menu-item-type-post_type menu-item-object-page menu-item-1856\"><a href=\"https:\/\/www.kortheuer.de\/?page_id=1849\">Winterdienst<\/a><\/li>\n<li id=\"menu-item-1855\" class=\"menu-item menu-item-type-post_type menu-item-object-page menu-item-1855\"><a href=\"https:\/\/www.kortheuer.de\/?page_id=1852\">Zaunbau<\/a><\/li>\n<\/ul><\/div><\/div><\/div><\/div>\n<div  class='flex_column av-av_two_third-1c47c10d9dd6b9bc0b68f292c1cf5942 av_two_third  avia-builder-el-3  el_after_av_one_third  avia-builder-el-last  flex_column_div  '     ><p>\n<style type=\"text\/css\" data-created_by=\"avia_inline_auto\" id=\"style-css-av-av_heading-e626ac4bf523d3d74a2961b86327e419\">\n#top .av-special-heading.av-av_heading-e626ac4bf523d3d74a2961b86327e419{\npadding-bottom:10px;\n}\nbody .av-special-heading.av-av_heading-e626ac4bf523d3d74a2961b86327e419 .av-special-heading-tag .heading-char{\nfont-size:25px;\n}\n.av-special-heading.av-av_heading-e626ac4bf523d3d74a2961b86327e419 .av-subheading{\nfont-size:15px;\n}\n<\/style>\n<div  class='av-special-heading av-av_heading-e626ac4bf523d3d74a2961b86327e419 av-special-heading-h3  avia-builder-el-4  el_before_av_textblock  avia-builder-el-first '><h3 class='av-special-heading-tag '  itemprop=\"headline\"  >Winterdienst<\/h3><div class=\"special-heading-border\"><div class=\"special-heading-inner-border\"><\/div><\/div><\/div><br \/>\n<section  class='av_textblock_section av-av_textblock-aaf3a53f7e22769a7798f31e42769683 '   itemscope=\"itemscope\" itemtype=\"https:\/\/schema.org\/CreativeWork\" ><div class='avia_textblock'  itemprop=\"text\" ><p>Ob f\u00fcr Ihr privates Grundst\u00fcck oder Ihr Firmengel\u00e4nde: Wir \u00fcbernehmen mit unserem tatkr\u00e4ftigen Team und professionellem Equipment die Beseitigung von Schnee und Eis nach den kommunalen Satzungen und gesetztlichen Bestimmungen.<\/p>\n<p>Wir beobachten zuverl\u00e4ssig die Vorhersagen des Deutschen Wetterdienstes. Bei aufkommenden winterlichen Verh\u00e4ltnissen sind wir rechtzeitig zur Stelle &#8211; auch an Sonn- und Feiertagen.<\/p>\n<p>F\u00fcr unsere Arbeit \u00fcbernehmen wir die volle Verantwortung und sind ausreichend versichert!<\/p>\n<p>Fragen Sie uns nach Ihrem pers\u00f6nlichen Angebot!<\/p>\n<\/div><\/section><br \/>\n\n<style type=\"text\/css\" data-created_by=\"avia_inline_auto\" id=\"style-css-av-av_gallery-e77ffe703a08ce7c6ee7bb4f7ab60259\">\n#top .avia-gallery.av-av_gallery-e77ffe703a08ce7c6ee7bb4f7ab60259 .avia-gallery-thumb a{\nwidth:50%;\n}\n<\/style>\n<div  class='avia-gallery av-av_gallery-e77ffe703a08ce7c6ee7bb4f7ab60259 avia_animate_when_visible  avia-builder-el-6  el_after_av_textblock  avia-builder-el-last  deactivate_avia_lazyload avia-gallery-animate avia-gallery-1'  itemprop=\"image\" itemscope=\"itemscope\" itemtype=\"https:\/\/schema.org\/ImageObject\" ><meta itemprop=\"contentURL\" content=\"https:\/\/www.kortheuer.de\/?page_id=1849\"><div class='avia-gallery-thumb'><a href=\"https:\/\/www.kortheuer.de\/content\/wp-content\/uploads\/2014\/06\/DSC02748-1030x579.jpg\" data-srcset=\"https:\/\/www.kortheuer.de\/content\/wp-content\/uploads\/2014\/06\/DSC02748-1030x579.jpg 1030w, https:\/\/www.kortheuer.de\/content\/wp-content\/uploads\/2014\/06\/DSC02748-300x168.jpg 300w, https:\/\/www.kortheuer.de\/content\/wp-content\/uploads\/2014\/06\/DSC02748-1500x843.jpg 1500w, https:\/\/www.kortheuer.de\/content\/wp-content\/uploads\/2014\/06\/DSC02748-705x396.jpg 705w, https:\/\/www.kortheuer.de\/content\/wp-content\/uploads\/2014\/06\/DSC02748-450x253.jpg 450w, https:\/\/www.kortheuer.de\/content\/wp-content\/uploads\/2014\/06\/DSC02748.jpg 1920w\" data-sizes=\"(max-width: 1030px) 100vw, 1030px\" data-rel='gallery-1' data-prev-img='https:\/\/www.kortheuer.de\/content\/wp-content\/uploads\/2014\/06\/DSC02748-495x400.jpg' class='first_thumb lightbox ' data-onclick='1' title='DSC02748'  itemprop=\"thumbnailUrl\"  ><img decoding=\"async\" fetchpriority=\"high\" class=\"wp-image-1929 avia-img-lazy-loading-not-1929\"   src=\"https:\/\/www.kortheuer.de\/content\/wp-content\/uploads\/2014\/06\/DSC02748-495x400.jpg\" width=\"495\" height=\"400\"  title='DSC02748' alt='' srcset=\"https:\/\/www.kortheuer.de\/content\/wp-content\/uploads\/2014\/06\/DSC02748-495x400.jpg 495w, https:\/\/www.kortheuer.de\/content\/wp-content\/uploads\/2014\/06\/DSC02748-710x575.jpg 710w\" sizes=\"(max-width: 495px) 100vw, 495px\" \/><div class='big-prev-fake'><img decoding=\"async\" loading=\"lazy\" class=\"wp-image-1929 avia-img-lazy-loading-1929\"  width=\"495\" height=\"400\" src=\"https:\/\/www.kortheuer.de\/content\/wp-content\/uploads\/2014\/06\/DSC02748-495x400.jpg\" title='DSC02748' alt='' srcset=\"https:\/\/www.kortheuer.de\/content\/wp-content\/uploads\/2014\/06\/DSC02748-495x400.jpg 495w, https:\/\/www.kortheuer.de\/content\/wp-content\/uploads\/2014\/06\/DSC02748-710x575.jpg 710w\" sizes=\"auto, (max-width: 495px) 100vw, 495px\" \/><\/div><\/a><a href=\"https:\/\/www.kortheuer.de\/content\/wp-content\/uploads\/2014\/06\/DSC02751-1030x579.jpg\" data-srcset=\"https:\/\/www.kortheuer.de\/content\/wp-content\/uploads\/2014\/06\/DSC02751-1030x579.jpg 1030w, https:\/\/www.kortheuer.de\/content\/wp-content\/uploads\/2014\/06\/DSC02751-300x168.jpg 300w, https:\/\/www.kortheuer.de\/content\/wp-content\/uploads\/2014\/06\/DSC02751-1500x843.jpg 1500w, https:\/\/www.kortheuer.de\/content\/wp-content\/uploads\/2014\/06\/DSC02751-705x396.jpg 705w, https:\/\/www.kortheuer.de\/content\/wp-content\/uploads\/2014\/06\/DSC02751-450x253.jpg 450w, https:\/\/www.kortheuer.de\/content\/wp-content\/uploads\/2014\/06\/DSC02751.jpg 1920w\" data-sizes=\"(max-width: 1030px) 100vw, 1030px\" data-rel='gallery-1' data-prev-img='https:\/\/www.kortheuer.de\/content\/wp-content\/uploads\/2014\/06\/DSC02751-495x400.jpg' class='lightbox ' data-onclick='2' title='DSC02751'  itemprop=\"thumbnailUrl\"  ><img decoding=\"async\" fetchpriority=\"high\" class=\"wp-image-1932 avia-img-lazy-loading-not-1932\"   src=\"https:\/\/www.kortheuer.de\/content\/wp-content\/uploads\/2014\/06\/DSC02751-495x400.jpg\" width=\"495\" height=\"400\"  title='DSC02751' alt='' srcset=\"https:\/\/www.kortheuer.de\/content\/wp-content\/uploads\/2014\/06\/DSC02751-495x400.jpg 495w, https:\/\/www.kortheuer.de\/content\/wp-content\/uploads\/2014\/06\/DSC02751-710x575.jpg 710w\" sizes=\"(max-width: 495px) 100vw, 495px\" \/><div class='big-prev-fake'><img decoding=\"async\" loading=\"lazy\" class=\"wp-image-1932 avia-img-lazy-loading-1932\"  width=\"495\" height=\"400\" src=\"https:\/\/www.kortheuer.de\/content\/wp-content\/uploads\/2014\/06\/DSC02751-495x400.jpg\" title='DSC02751' alt='' srcset=\"https:\/\/www.kortheuer.de\/content\/wp-content\/uploads\/2014\/06\/DSC02751-495x400.jpg 495w, https:\/\/www.kortheuer.de\/content\/wp-content\/uploads\/2014\/06\/DSC02751-710x575.jpg 710w\" sizes=\"auto, (max-width: 495px) 100vw, 495px\" \/><\/div><\/a><a href=\"https:\/\/www.kortheuer.de\/content\/wp-content\/uploads\/2014\/06\/Winterdienst-1-781x1030.jpg\" data-srcset=\"https:\/\/www.kortheuer.de\/content\/wp-content\/uploads\/2014\/06\/Winterdienst-1-781x1030.jpg 781w, https:\/\/www.kortheuer.de\/content\/wp-content\/uploads\/2014\/06\/Winterdienst-1-227x300.jpg 227w, https:\/\/www.kortheuer.de\/content\/wp-content\/uploads\/2014\/06\/Winterdienst-1-1138x1500.jpg 1138w, https:\/\/www.kortheuer.de\/content\/wp-content\/uploads\/2014\/06\/Winterdienst-1-535x705.jpg 535w, https:\/\/www.kortheuer.de\/content\/wp-content\/uploads\/2014\/06\/Winterdienst-1-450x592.jpg 450w, https:\/\/www.kortheuer.de\/content\/wp-content\/uploads\/2014\/06\/Winterdienst-1.jpg 1555w\" data-sizes=\"(max-width: 781px) 100vw, 781px\" data-rel='gallery-1' data-prev-img='https:\/\/www.kortheuer.de\/content\/wp-content\/uploads\/2014\/06\/Winterdienst-1-495x400.jpg' class='first_thumb lightbox ' data-onclick='3' title='Winterdienst (1)'  itemprop=\"thumbnailUrl\"  ><img decoding=\"async\" fetchpriority=\"high\" class=\"wp-image-1937 avia-img-lazy-loading-not-1937\"   src=\"https:\/\/www.kortheuer.de\/content\/wp-content\/uploads\/2014\/06\/Winterdienst-1-495x400.jpg\" width=\"495\" height=\"400\"  title='Winterdienst (1)' alt='' srcset=\"https:\/\/www.kortheuer.de\/content\/wp-content\/uploads\/2014\/06\/Winterdienst-1-495x400.jpg 495w, https:\/\/www.kortheuer.de\/content\/wp-content\/uploads\/2014\/06\/Winterdienst-1-710x575.jpg 710w\" sizes=\"(max-width: 495px) 100vw, 495px\" \/><div class='big-prev-fake'><img decoding=\"async\" loading=\"lazy\" class=\"wp-image-1937 avia-img-lazy-loading-1937\"  width=\"495\" height=\"400\" src=\"https:\/\/www.kortheuer.de\/content\/wp-content\/uploads\/2014\/06\/Winterdienst-1-495x400.jpg\" title='Winterdienst (1)' alt='' srcset=\"https:\/\/www.kortheuer.de\/content\/wp-content\/uploads\/2014\/06\/Winterdienst-1-495x400.jpg 495w, https:\/\/www.kortheuer.de\/content\/wp-content\/uploads\/2014\/06\/Winterdienst-1-710x575.jpg 710w\" sizes=\"auto, (max-width: 495px) 100vw, 495px\" \/><\/div><\/a><\/div><\/div><\/p><\/div>\n","protected":false},"excerpt":{"rendered":"","protected":false},"author":2,"featured_media":0,"parent":0,"menu_order":0,"comment_status":"open","ping_status":"closed","template":"","meta":{"footnotes":""},"class_list":["post-1849","page","type-page","status-publish","hentry"],"_links":{"self":[{"href":"https:\/\/www.kortheuer.de\/index.php?rest_route=\/wp\/v2\/pages\/1849","targetHints":{"allow":["GET"]}}],"collection":[{"href":"https:\/\/www.kortheuer.de\/index.php?rest_route=\/wp\/v2\/pages"}],"about":[{"href":"https:\/\/www.kortheuer.de\/index.php?rest_route=\/wp\/v2\/types\/page"}],"author":[{"embeddable":true,"href":"https:\/\/www.kortheuer.de\/index.php?rest_route=\/wp\/v2\/users\/2"}],"replies":[{"embeddable":true,"href":"https:\/\/www.kortheuer.de\/index.php?rest_route=%2Fwp%2Fv2%2Fcomments&post=1849"}],"version-history":[{"count":5,"href":"https:\/\/www.kortheuer.de\/index.php?rest_route=\/wp\/v2\/pages\/1849\/revisions"}],"predecessor-version":[{"id":1954,"href":"https:\/\/www.kortheuer.de\/index.php?rest_route=\/wp\/v2\/pages\/1849\/revisions\/1954"}],"wp:attachment":[{"href":"https:\/\/www.kortheuer.de\/index.php?rest_route=%2Fwp%2Fv2%2Fmedia&parent=1849"}],"curies":[{"name":"wp","href":"https:\/\/api.w.org\/{rel}","templated":true}]}}