{"id":1768,"date":"2014-06-17T12:45:05","date_gmt":"2014-06-17T10:45:05","guid":{"rendered":"http:\/\/kortheuer.media-systeme.net\/content\/?page_id=1768"},"modified":"2014-06-18T13:59:51","modified_gmt":"2014-06-18T11:59:51","slug":"holzarbeiten","status":"publish","type":"page","link":"https:\/\/www.kortheuer.de\/?page_id=1768","title":{"rendered":"Holzarbeiten"},"content":{"rendered":"<div id='layer_slider_1'  class='avia-layerslider main_color avia-shadow  avia-builder-el-0  el_before_av_one_third  avia-builder-el-first  container_wrap fullsize'  style='height: 251px;'  ><\/div><div id='after_layer_slider_1'  class='main_color av_default_container_wrap container_wrap fullsize'  ><div class='container av-section-cont-open' ><div class='template-page content  av-content-full alpha units'><div class='post-entry post-entry-type-page post-entry-1768'><div class='entry-content-wrapper clearfix'>\n<div  class='flex_column av-av_one_third-2a9015ff38129c418a3f2eafba3e9512 av_one_third  avia-builder-el-1  el_after_av_layerslider  el_before_av_two_third  avia-builder-el-first  first flex_column_div  '     ><div  class='avia-builder-widget-area clearfix  avia-builder-el-2  avia-builder-el-no-sibling '><div id=\"nav_menu-3\" class=\"widget clearfix widget_nav_menu\"><div class=\"menu-unsere-leistungen-container\"><ul id=\"menu-unsere-leistungen\" class=\"menu\"><li id=\"menu-item-1571\" class=\"menu-item menu-item-type-post_type menu-item-object-page menu-item-1571\"><a href=\"https:\/\/www.kortheuer.de\/?page_id=1554\">Baumf\u00e4llungen\/-schnitt<\/a><\/li>\n<li id=\"menu-item-1671\" class=\"menu-item menu-item-type-post_type menu-item-object-page menu-item-1671\"><a href=\"https:\/\/www.kortheuer.de\/?page_id=1664\">Dachbegr\u00fcnung<\/a><\/li>\n<li id=\"menu-item-1715\" class=\"menu-item menu-item-type-post_type menu-item-object-page menu-item-1715\"><a href=\"https:\/\/www.kortheuer.de\/?page_id=1676\">Entsorgung<\/a><\/li>\n<li id=\"menu-item-1714\" class=\"menu-item menu-item-type-post_type menu-item-object-page menu-item-1714\"><a href=\"https:\/\/www.kortheuer.de\/?page_id=1678\">Erdarbeiten<\/a><\/li>\n<li id=\"menu-item-1713\" class=\"menu-item menu-item-type-post_type menu-item-object-page menu-item-1713\"><a href=\"https:\/\/www.kortheuer.de\/?page_id=1686\">Gartenpflege<\/a><\/li>\n<li id=\"menu-item-1712\" class=\"menu-item menu-item-type-post_type menu-item-object-page menu-item-1712\"><a href=\"https:\/\/www.kortheuer.de\/?page_id=1693\">Gartenneugestaltung<\/a><\/li>\n<li id=\"menu-item-1863\" class=\"menu-item menu-item-type-post_type menu-item-object-page menu-item-1863\"><a href=\"https:\/\/www.kortheuer.de\/?page_id=1774\">Lieferung von Baustoffen<\/a><\/li>\n<li id=\"menu-item-1864\" class=\"menu-item menu-item-type-post_type menu-item-object-page menu-item-1864\"><a href=\"https:\/\/www.kortheuer.de\/?page_id=1768\">Holzarbeiten<\/a><\/li>\n<li id=\"menu-item-1862\" class=\"menu-item menu-item-type-post_type menu-item-object-page menu-item-1862\"><a href=\"https:\/\/www.kortheuer.de\/?page_id=1776\">Mauerbau \/ Hangsicherung<\/a><\/li>\n<li id=\"menu-item-1861\" class=\"menu-item menu-item-type-post_type menu-item-object-page menu-item-1861\"><a href=\"https:\/\/www.kortheuer.de\/?page_id=1787\">Pflanzarbeiten<\/a><\/li>\n<li id=\"menu-item-1860\" class=\"menu-item menu-item-type-post_type menu-item-object-page menu-item-1860\"><a href=\"https:\/\/www.kortheuer.de\/?page_id=1802\">Rasenarbeiten<\/a><\/li>\n<li id=\"menu-item-1859\" class=\"menu-item menu-item-type-post_type menu-item-object-page menu-item-1859\"><a href=\"https:\/\/www.kortheuer.de\/?page_id=1813\">Teichbau \/ Bew\u00e4sserung<\/a><\/li>\n<li id=\"menu-item-1857\" class=\"menu-item menu-item-type-post_type menu-item-object-page menu-item-1857\"><a href=\"https:\/\/www.kortheuer.de\/?page_id=1835\">Treppenanlagen<\/a><\/li>\n<li id=\"menu-item-1858\" class=\"menu-item menu-item-type-post_type menu-item-object-page menu-item-1858\"><a href=\"https:\/\/www.kortheuer.de\/?page_id=1824\">Terrassenbau \/ Pflasterarbeiten \/ Natursteinarbeiten<\/a><\/li>\n<li id=\"menu-item-1856\" class=\"menu-item menu-item-type-post_type menu-item-object-page menu-item-1856\"><a href=\"https:\/\/www.kortheuer.de\/?page_id=1849\">Winterdienst<\/a><\/li>\n<li id=\"menu-item-1855\" class=\"menu-item menu-item-type-post_type menu-item-object-page menu-item-1855\"><a href=\"https:\/\/www.kortheuer.de\/?page_id=1852\">Zaunbau<\/a><\/li>\n<\/ul><\/div><\/div><\/div><\/div>\n<div  class='flex_column av-av_two_third-1c47c10d9dd6b9bc0b68f292c1cf5942 av_two_third  avia-builder-el-3  el_after_av_one_third  avia-builder-el-last  flex_column_div  '     ><style type=\"text\/css\" data-created_by=\"avia_inline_auto\" id=\"style-css-av-av_heading-7392562ca8c9a939bbe2a216403acf69\">\n#top .av-special-heading.av-av_heading-7392562ca8c9a939bbe2a216403acf69{\npadding-bottom:10px;\n}\nbody .av-special-heading.av-av_heading-7392562ca8c9a939bbe2a216403acf69 .av-special-heading-tag .heading-char{\nfont-size:25px;\n}\n.av-special-heading.av-av_heading-7392562ca8c9a939bbe2a216403acf69 .av-subheading{\nfont-size:15px;\n}\n<\/style>\n<div  class='av-special-heading av-av_heading-7392562ca8c9a939bbe2a216403acf69 av-special-heading-h3  avia-builder-el-4  el_before_av_textblock  avia-builder-el-first '><h3 class='av-special-heading-tag '  itemprop=\"headline\"  >Holzarbeiten<\/h3><div class=\"special-heading-border\"><div class=\"special-heading-inner-border\"><\/div><\/div><\/div>\n<p><section  class='av_textblock_section av-av_textblock-aaf3a53f7e22769a7798f31e42769683 '   itemscope=\"itemscope\" itemtype=\"https:\/\/schema.org\/CreativeWork\" ><div class='avia_textblock'  itemprop=\"text\" ><p>Holz als Baustoff passt sich harmonisch in viele Gestaltungsm\u00f6glichkeiten Ihres Gartens ein. Kaum ein Material kann vielseitiger verwendet werden. Wir bieten Ihnen die Planung und Ausf\u00fchrung von s\u00e4mtlichen Holzarbeiten im Au\u00dfenbereich ganz nach Ihren Vorstellungen an und\u00a0beraten Sie fachm\u00e4nnisch\u00a0bei der Auswahl der passenden Holzart.<\/p>\n<p>Holz ist vielseitig einsetzbar und \u00fcberzeugt durch seinen nat\u00fcrlichen Charme in Form von Holzterrassen, Pergolen, Sicht- und Windschutz, Br\u00fccken oder Stegen, Gartenh\u00e4usern, Carports \/ Holzunterst\u00e4nden etc.<\/p>\n<\/div><\/section><br \/>\n\n<style type=\"text\/css\" data-created_by=\"avia_inline_auto\" id=\"style-css-av-av_gallery-b93828492d8bcdba5d139b5b7a26fdb2\">\n#top .avia-gallery.av-av_gallery-b93828492d8bcdba5d139b5b7a26fdb2 .avia-gallery-thumb a{\nwidth:50%;\n}\n<\/style>\n<div  class='avia-gallery av-av_gallery-b93828492d8bcdba5d139b5b7a26fdb2 avia_animate_when_visible  avia-builder-el-6  el_after_av_textblock  avia-builder-el-last  deactivate_avia_lazyload avia-gallery-animate avia-gallery-1'  itemprop=\"image\" itemscope=\"itemscope\" itemtype=\"https:\/\/schema.org\/ImageObject\" ><meta itemprop=\"contentURL\" content=\"https:\/\/www.kortheuer.de\/?page_id=1768\"><div class='avia-gallery-thumb'><a href=\"https:\/\/www.kortheuer.de\/content\/wp-content\/uploads\/2014\/06\/DSC00460-1030x719.jpg\" data-srcset=\"https:\/\/www.kortheuer.de\/content\/wp-content\/uploads\/2014\/06\/DSC00460-1030x719.jpg 1030w, https:\/\/www.kortheuer.de\/content\/wp-content\/uploads\/2014\/06\/DSC00460-300x209.jpg 300w, https:\/\/www.kortheuer.de\/content\/wp-content\/uploads\/2014\/06\/DSC00460-1500x1047.jpg 1500w, https:\/\/www.kortheuer.de\/content\/wp-content\/uploads\/2014\/06\/DSC00460-705x492.jpg 705w, https:\/\/www.kortheuer.de\/content\/wp-content\/uploads\/2014\/06\/DSC00460-450x314.jpg 450w\" data-sizes=\"(max-width: 1030px) 100vw, 1030px\" data-rel='gallery-1' data-prev-img='https:\/\/www.kortheuer.de\/content\/wp-content\/uploads\/2014\/06\/DSC00460-495x400.jpg' class='first_thumb lightbox ' data-onclick='1' title='DSC00460'  itemprop=\"thumbnailUrl\"  ><img decoding=\"async\" fetchpriority=\"high\" class=\"wp-image-1769 avia-img-lazy-loading-not-1769\"   src=\"https:\/\/www.kortheuer.de\/content\/wp-content\/uploads\/2014\/06\/DSC00460-495x400.jpg\" width=\"495\" height=\"400\"  title='DSC00460' alt='' srcset=\"https:\/\/www.kortheuer.de\/content\/wp-content\/uploads\/2014\/06\/DSC00460-495x400.jpg 495w, https:\/\/www.kortheuer.de\/content\/wp-content\/uploads\/2014\/06\/DSC00460-710x575.jpg 710w\" sizes=\"(max-width: 495px) 100vw, 495px\" \/><div class='big-prev-fake'><img decoding=\"async\" loading=\"lazy\" class=\"wp-image-1769 avia-img-lazy-loading-1769\"  width=\"495\" height=\"400\" src=\"https:\/\/www.kortheuer.de\/content\/wp-content\/uploads\/2014\/06\/DSC00460-495x400.jpg\" title='DSC00460' alt='' srcset=\"https:\/\/www.kortheuer.de\/content\/wp-content\/uploads\/2014\/06\/DSC00460-495x400.jpg 495w, https:\/\/www.kortheuer.de\/content\/wp-content\/uploads\/2014\/06\/DSC00460-710x575.jpg 710w\" sizes=\"auto, (max-width: 495px) 100vw, 495px\" \/><\/div><\/a><a href=\"https:\/\/www.kortheuer.de\/content\/wp-content\/uploads\/2014\/06\/P1070747-1030x772.jpg\" data-srcset=\"https:\/\/www.kortheuer.de\/content\/wp-content\/uploads\/2014\/06\/P1070747-1030x772.jpg 1030w, https:\/\/www.kortheuer.de\/content\/wp-content\/uploads\/2014\/06\/P1070747-300x225.jpg 300w, https:\/\/www.kortheuer.de\/content\/wp-content\/uploads\/2014\/06\/P1070747-1500x1125.jpg 1500w, https:\/\/www.kortheuer.de\/content\/wp-content\/uploads\/2014\/06\/P1070747-705x528.jpg 705w, https:\/\/www.kortheuer.de\/content\/wp-content\/uploads\/2014\/06\/P1070747-450x337.jpg 450w\" data-sizes=\"(max-width: 1030px) 100vw, 1030px\" data-rel='gallery-1' data-prev-img='https:\/\/www.kortheuer.de\/content\/wp-content\/uploads\/2014\/06\/P1070747-495x400.jpg' class='lightbox ' data-onclick='2' title='P1070747'  itemprop=\"thumbnailUrl\"  ><img decoding=\"async\" fetchpriority=\"high\" class=\"wp-image-1770 avia-img-lazy-loading-not-1770\"   src=\"https:\/\/www.kortheuer.de\/content\/wp-content\/uploads\/2014\/06\/P1070747-495x400.jpg\" width=\"495\" height=\"400\"  title='P1070747' alt='' srcset=\"https:\/\/www.kortheuer.de\/content\/wp-content\/uploads\/2014\/06\/P1070747-495x400.jpg 495w, https:\/\/www.kortheuer.de\/content\/wp-content\/uploads\/2014\/06\/P1070747-710x575.jpg 710w\" sizes=\"(max-width: 495px) 100vw, 495px\" \/><div class='big-prev-fake'><img decoding=\"async\" loading=\"lazy\" class=\"wp-image-1770 avia-img-lazy-loading-1770\"  width=\"495\" height=\"400\" src=\"https:\/\/www.kortheuer.de\/content\/wp-content\/uploads\/2014\/06\/P1070747-495x400.jpg\" title='P1070747' alt='' srcset=\"https:\/\/www.kortheuer.de\/content\/wp-content\/uploads\/2014\/06\/P1070747-495x400.jpg 495w, https:\/\/www.kortheuer.de\/content\/wp-content\/uploads\/2014\/06\/P1070747-710x575.jpg 710w\" sizes=\"auto, (max-width: 495px) 100vw, 495px\" \/><\/div><\/a><a href=\"https:\/\/www.kortheuer.de\/content\/wp-content\/uploads\/2014\/06\/P1090291-1030x772.jpg\" data-srcset=\"https:\/\/www.kortheuer.de\/content\/wp-content\/uploads\/2014\/06\/P1090291-1030x772.jpg 1030w, https:\/\/www.kortheuer.de\/content\/wp-content\/uploads\/2014\/06\/P1090291-300x225.jpg 300w, https:\/\/www.kortheuer.de\/content\/wp-content\/uploads\/2014\/06\/P1090291-1500x1125.jpg 1500w, https:\/\/www.kortheuer.de\/content\/wp-content\/uploads\/2014\/06\/P1090291-705x528.jpg 705w, https:\/\/www.kortheuer.de\/content\/wp-content\/uploads\/2014\/06\/P1090291-450x337.jpg 450w\" data-sizes=\"(max-width: 1030px) 100vw, 1030px\" data-rel='gallery-1' data-prev-img='https:\/\/www.kortheuer.de\/content\/wp-content\/uploads\/2014\/06\/P1090291-495x400.jpg' class='first_thumb lightbox ' data-onclick='3' title='P1090291'  itemprop=\"thumbnailUrl\"  ><img decoding=\"async\" fetchpriority=\"high\" class=\"wp-image-1771 avia-img-lazy-loading-not-1771\"   src=\"https:\/\/www.kortheuer.de\/content\/wp-content\/uploads\/2014\/06\/P1090291-495x400.jpg\" width=\"495\" height=\"400\"  title='P1090291' alt='' srcset=\"https:\/\/www.kortheuer.de\/content\/wp-content\/uploads\/2014\/06\/P1090291-495x400.jpg 495w, https:\/\/www.kortheuer.de\/content\/wp-content\/uploads\/2014\/06\/P1090291-710x575.jpg 710w\" sizes=\"(max-width: 495px) 100vw, 495px\" \/><div class='big-prev-fake'><img decoding=\"async\" loading=\"lazy\" class=\"wp-image-1771 avia-img-lazy-loading-1771\"  width=\"495\" height=\"400\" src=\"https:\/\/www.kortheuer.de\/content\/wp-content\/uploads\/2014\/06\/P1090291-495x400.jpg\" title='P1090291' alt='' srcset=\"https:\/\/www.kortheuer.de\/content\/wp-content\/uploads\/2014\/06\/P1090291-495x400.jpg 495w, https:\/\/www.kortheuer.de\/content\/wp-content\/uploads\/2014\/06\/P1090291-710x575.jpg 710w\" sizes=\"auto, (max-width: 495px) 100vw, 495px\" \/><\/div><\/a><a href=\"https:\/\/www.kortheuer.de\/content\/wp-content\/uploads\/2014\/06\/P1090301-1030x772.jpg\" data-srcset=\"https:\/\/www.kortheuer.de\/content\/wp-content\/uploads\/2014\/06\/P1090301-1030x772.jpg 1030w, https:\/\/www.kortheuer.de\/content\/wp-content\/uploads\/2014\/06\/P1090301-300x225.jpg 300w, https:\/\/www.kortheuer.de\/content\/wp-content\/uploads\/2014\/06\/P1090301-1500x1125.jpg 1500w, https:\/\/www.kortheuer.de\/content\/wp-content\/uploads\/2014\/06\/P1090301-705x528.jpg 705w, https:\/\/www.kortheuer.de\/content\/wp-content\/uploads\/2014\/06\/P1090301-450x337.jpg 450w\" data-sizes=\"(max-width: 1030px) 100vw, 1030px\" data-rel='gallery-1' data-prev-img='https:\/\/www.kortheuer.de\/content\/wp-content\/uploads\/2014\/06\/P1090301-495x400.jpg' class='lightbox ' data-onclick='4' title='P1090301'  itemprop=\"thumbnailUrl\"  ><img decoding=\"async\" fetchpriority=\"high\" class=\"wp-image-1772 avia-img-lazy-loading-not-1772\"   src=\"https:\/\/www.kortheuer.de\/content\/wp-content\/uploads\/2014\/06\/P1090301-495x400.jpg\" width=\"495\" height=\"400\"  title='P1090301' alt='' srcset=\"https:\/\/www.kortheuer.de\/content\/wp-content\/uploads\/2014\/06\/P1090301-495x400.jpg 495w, https:\/\/www.kortheuer.de\/content\/wp-content\/uploads\/2014\/06\/P1090301-710x575.jpg 710w\" sizes=\"(max-width: 495px) 100vw, 495px\" \/><div class='big-prev-fake'><img decoding=\"async\" loading=\"lazy\" class=\"wp-image-1772 avia-img-lazy-loading-1772\"  width=\"495\" height=\"400\" src=\"https:\/\/www.kortheuer.de\/content\/wp-content\/uploads\/2014\/06\/P1090301-495x400.jpg\" title='P1090301' alt='' srcset=\"https:\/\/www.kortheuer.de\/content\/wp-content\/uploads\/2014\/06\/P1090301-495x400.jpg 495w, https:\/\/www.kortheuer.de\/content\/wp-content\/uploads\/2014\/06\/P1090301-710x575.jpg 710w\" sizes=\"auto, (max-width: 495px) 100vw, 495px\" \/><\/div><\/a><\/div><\/div><\/p><\/div>\n","protected":false},"excerpt":{"rendered":"","protected":false},"author":2,"featured_media":0,"parent":0,"menu_order":0,"comment_status":"open","ping_status":"closed","template":"","meta":{"footnotes":""},"class_list":["post-1768","page","type-page","status-publish","hentry"],"_links":{"self":[{"href":"https:\/\/www.kortheuer.de\/index.php?rest_route=\/wp\/v2\/pages\/1768","targetHints":{"allow":["GET"]}}],"collection":[{"href":"https:\/\/www.kortheuer.de\/index.php?rest_route=\/wp\/v2\/pages"}],"about":[{"href":"https:\/\/www.kortheuer.de\/index.php?rest_route=\/wp\/v2\/types\/page"}],"author":[{"embeddable":true,"href":"https:\/\/www.kortheuer.de\/index.php?rest_route=\/wp\/v2\/users\/2"}],"replies":[{"embeddable":true,"href":"https:\/\/www.kortheuer.de\/index.php?rest_route=%2Fwp%2Fv2%2Fcomments&post=1768"}],"version-history":[{"count":3,"href":"https:\/\/www.kortheuer.de\/index.php?rest_route=\/wp\/v2\/pages\/1768\/revisions"}],"predecessor-version":[{"id":1921,"href":"https:\/\/www.kortheuer.de\/index.php?rest_route=\/wp\/v2\/pages\/1768\/revisions\/1921"}],"wp:attachment":[{"href":"https:\/\/www.kortheuer.de\/index.php?rest_route=%2Fwp%2Fv2%2Fmedia&parent=1768"}],"curies":[{"name":"wp","href":"https:\/\/api.w.org\/{rel}","templated":true}]}}