{"id":1554,"date":"2014-06-08T17:29:25","date_gmt":"2014-06-08T15:29:25","guid":{"rendered":"http:\/\/kortheuer.media-systeme.net\/content\/?page_id=1554"},"modified":"2014-06-18T21:37:52","modified_gmt":"2014-06-18T19:37:52","slug":"baumfaellungen-schnitt","status":"publish","type":"page","link":"https:\/\/www.kortheuer.de\/?page_id=1554","title":{"rendered":"Baumf\u00e4llungen\/-schnitt"},"content":{"rendered":"<div id='layer_slider_1'  class='avia-layerslider main_color avia-shadow  avia-builder-el-0  el_before_av_one_third  avia-builder-el-first  container_wrap fullsize'  style='height: 251px;'  ><\/div><div id='after_layer_slider_1'  class='main_color av_default_container_wrap container_wrap fullsize'  ><div class='container av-section-cont-open' ><div class='template-page content  av-content-full alpha units'><div class='post-entry post-entry-type-page post-entry-1554'><div class='entry-content-wrapper clearfix'>\n<div  class='flex_column av-av_one_third-2a9015ff38129c418a3f2eafba3e9512 av_one_third  avia-builder-el-1  el_after_av_layerslider  el_before_av_two_third  avia-builder-el-first  first flex_column_div  '     ><div  class='avia-builder-widget-area clearfix  avia-builder-el-2  avia-builder-el-no-sibling '><div id=\"nav_menu-3\" class=\"widget clearfix widget_nav_menu\"><div class=\"menu-unsere-leistungen-container\"><ul id=\"menu-unsere-leistungen\" class=\"menu\"><li id=\"menu-item-1571\" class=\"menu-item menu-item-type-post_type menu-item-object-page menu-item-1571\"><a href=\"https:\/\/www.kortheuer.de\/?page_id=1554\">Baumf\u00e4llungen\/-schnitt<\/a><\/li>\n<li id=\"menu-item-1671\" class=\"menu-item menu-item-type-post_type menu-item-object-page menu-item-1671\"><a href=\"https:\/\/www.kortheuer.de\/?page_id=1664\">Dachbegr\u00fcnung<\/a><\/li>\n<li id=\"menu-item-1715\" class=\"menu-item menu-item-type-post_type menu-item-object-page menu-item-1715\"><a href=\"https:\/\/www.kortheuer.de\/?page_id=1676\">Entsorgung<\/a><\/li>\n<li id=\"menu-item-1714\" class=\"menu-item menu-item-type-post_type menu-item-object-page menu-item-1714\"><a href=\"https:\/\/www.kortheuer.de\/?page_id=1678\">Erdarbeiten<\/a><\/li>\n<li id=\"menu-item-1713\" class=\"menu-item menu-item-type-post_type menu-item-object-page menu-item-1713\"><a href=\"https:\/\/www.kortheuer.de\/?page_id=1686\">Gartenpflege<\/a><\/li>\n<li id=\"menu-item-1712\" class=\"menu-item menu-item-type-post_type menu-item-object-page menu-item-1712\"><a href=\"https:\/\/www.kortheuer.de\/?page_id=1693\">Gartenneugestaltung<\/a><\/li>\n<li id=\"menu-item-1863\" class=\"menu-item menu-item-type-post_type menu-item-object-page menu-item-1863\"><a href=\"https:\/\/www.kortheuer.de\/?page_id=1774\">Lieferung von Baustoffen<\/a><\/li>\n<li id=\"menu-item-1864\" class=\"menu-item menu-item-type-post_type menu-item-object-page menu-item-1864\"><a href=\"https:\/\/www.kortheuer.de\/?page_id=1768\">Holzarbeiten<\/a><\/li>\n<li id=\"menu-item-1862\" class=\"menu-item menu-item-type-post_type menu-item-object-page menu-item-1862\"><a href=\"https:\/\/www.kortheuer.de\/?page_id=1776\">Mauerbau \/ Hangsicherung<\/a><\/li>\n<li id=\"menu-item-1861\" class=\"menu-item menu-item-type-post_type menu-item-object-page menu-item-1861\"><a href=\"https:\/\/www.kortheuer.de\/?page_id=1787\">Pflanzarbeiten<\/a><\/li>\n<li id=\"menu-item-1860\" class=\"menu-item menu-item-type-post_type menu-item-object-page menu-item-1860\"><a href=\"https:\/\/www.kortheuer.de\/?page_id=1802\">Rasenarbeiten<\/a><\/li>\n<li id=\"menu-item-1859\" class=\"menu-item menu-item-type-post_type menu-item-object-page menu-item-1859\"><a href=\"https:\/\/www.kortheuer.de\/?page_id=1813\">Teichbau \/ Bew\u00e4sserung<\/a><\/li>\n<li id=\"menu-item-1857\" class=\"menu-item menu-item-type-post_type menu-item-object-page menu-item-1857\"><a href=\"https:\/\/www.kortheuer.de\/?page_id=1835\">Treppenanlagen<\/a><\/li>\n<li id=\"menu-item-1858\" class=\"menu-item menu-item-type-post_type menu-item-object-page menu-item-1858\"><a href=\"https:\/\/www.kortheuer.de\/?page_id=1824\">Terrassenbau \/ Pflasterarbeiten \/ Natursteinarbeiten<\/a><\/li>\n<li id=\"menu-item-1856\" class=\"menu-item menu-item-type-post_type menu-item-object-page menu-item-1856\"><a href=\"https:\/\/www.kortheuer.de\/?page_id=1849\">Winterdienst<\/a><\/li>\n<li id=\"menu-item-1855\" class=\"menu-item menu-item-type-post_type menu-item-object-page menu-item-1855\"><a href=\"https:\/\/www.kortheuer.de\/?page_id=1852\">Zaunbau<\/a><\/li>\n<\/ul><\/div><\/div><\/div><\/div>\n<div  class='flex_column av-av_two_third-1c47c10d9dd6b9bc0b68f292c1cf5942 av_two_third  avia-builder-el-3  el_after_av_one_third  avia-builder-el-last  flex_column_div  '     ><p>\n<style type=\"text\/css\" data-created_by=\"avia_inline_auto\" id=\"style-css-av-av_heading-484e2ae921cb23f99054b19b982619dd\">\n#top .av-special-heading.av-av_heading-484e2ae921cb23f99054b19b982619dd{\npadding-bottom:10px;\n}\nbody .av-special-heading.av-av_heading-484e2ae921cb23f99054b19b982619dd .av-special-heading-tag .heading-char{\nfont-size:25px;\n}\n.av-special-heading.av-av_heading-484e2ae921cb23f99054b19b982619dd .av-subheading{\nfont-size:15px;\n}\n<\/style>\n<div  class='av-special-heading av-av_heading-484e2ae921cb23f99054b19b982619dd av-special-heading-h3  avia-builder-el-4  el_before_av_textblock  avia-builder-el-first '><h3 class='av-special-heading-tag '  itemprop=\"headline\"  >Baumf\u00e4llungen \/ -schnitt<\/h3><div class=\"special-heading-border\"><div class=\"special-heading-inner-border\"><\/div><\/div><\/div><br \/>\n<section  class='av_textblock_section av-av_textblock-aaf3a53f7e22769a7798f31e42769683 '   itemscope=\"itemscope\" itemtype=\"https:\/\/schema.org\/CreativeWork\" ><div class='avia_textblock'  itemprop=\"text\" ><p>Das sinnvolle und schonende Beschneiden Ihrer B\u00e4ume und Geh\u00f6lze schenkt Ihrem Garten neues Licht und erh\u00f6ht seine Vitalit\u00e4t. Ein fachgerechter Geh\u00f6lzschnitt beeinflusst das Wachstum und die Gesundheit der Geh\u00f6lze positiv. Durch regelm\u00e4\u00dfig und professionell geschnittene B\u00e4ume erh\u00f6ht sich deren Standfestigkeit und verl\u00e4ngert deren Lebensdauer.<\/p>\n<p>Baumf\u00e4llungen &#8211; insbesondere Risikof\u00e4llungen &#8211; \u00fcbersteigen in der Regel die M\u00f6glichkeiten des Hobbyg\u00e4rtners. Wir verf\u00fcgen \u00fcber langj\u00e4hrige Erfahrungen bei der F\u00e4llung von B\u00e4umen aller Arten und Gr\u00f6\u00dfen &#8211; auch in schwierigen Lagen. Selbstverst\u00e4ndlich k\u00fcmmern wir uns auch um evtl. notwendige F\u00e4llgenehmigungen.<\/p>\n<p>Nutzen Sie auch unseren Notfallservice bei umgest\u00fcrzten B\u00e4umen nach Unwettern und St\u00fcrmen! Wir stehen jederzeit f\u00fcr Sie bereit. Auch am Abend, Sonn- und Feiertagen!<\/p>\n<\/div><\/section><br \/>\n\n<style type=\"text\/css\" data-created_by=\"avia_inline_auto\" id=\"style-css-av-av_gallery-d0dac92c501b179e50938ec7d277e634\">\n#top .avia-gallery.av-av_gallery-d0dac92c501b179e50938ec7d277e634 .avia-gallery-thumb a{\nwidth:50%;\n}\n<\/style>\n<div  class='avia-gallery av-av_gallery-d0dac92c501b179e50938ec7d277e634 avia_animate_when_visible  avia-builder-el-6  el_after_av_textblock  avia-builder-el-last  deactivate_avia_lazyload avia-gallery-animate avia-gallery-1'  itemprop=\"image\" itemscope=\"itemscope\" itemtype=\"https:\/\/schema.org\/ImageObject\" ><meta itemprop=\"contentURL\" content=\"https:\/\/www.kortheuer.de\/?page_id=1554\"><div class='avia-gallery-thumb'><a href=\"https:\/\/www.kortheuer.de\/content\/wp-content\/uploads\/2014\/06\/Foto-10-1030x772.jpg\" data-srcset=\"https:\/\/www.kortheuer.de\/content\/wp-content\/uploads\/2014\/06\/Foto-10-1030x772.jpg 1030w, https:\/\/www.kortheuer.de\/content\/wp-content\/uploads\/2014\/06\/Foto-10-300x225.jpg 300w, https:\/\/www.kortheuer.de\/content\/wp-content\/uploads\/2014\/06\/Foto-10-1500x1125.jpg 1500w, https:\/\/www.kortheuer.de\/content\/wp-content\/uploads\/2014\/06\/Foto-10-705x528.jpg 705w, https:\/\/www.kortheuer.de\/content\/wp-content\/uploads\/2014\/06\/Foto-10-450x337.jpg 450w, https:\/\/www.kortheuer.de\/content\/wp-content\/uploads\/2014\/06\/Foto-10.jpg 2048w\" data-sizes=\"(max-width: 1030px) 100vw, 1030px\" data-rel='gallery-1' data-prev-img='https:\/\/www.kortheuer.de\/content\/wp-content\/uploads\/2014\/06\/Foto-10-495x400.jpg' class='first_thumb lightbox ' data-onclick='1' title='Foto 10'  itemprop=\"thumbnailUrl\"  ><img decoding=\"async\" fetchpriority=\"high\" class=\"wp-image-1950 avia-img-lazy-loading-not-1950\"   src=\"https:\/\/www.kortheuer.de\/content\/wp-content\/uploads\/2014\/06\/Foto-10-495x400.jpg\" width=\"495\" height=\"400\"  title='Foto 10' alt='' srcset=\"https:\/\/www.kortheuer.de\/content\/wp-content\/uploads\/2014\/06\/Foto-10-495x400.jpg 495w, https:\/\/www.kortheuer.de\/content\/wp-content\/uploads\/2014\/06\/Foto-10-710x575.jpg 710w\" sizes=\"(max-width: 495px) 100vw, 495px\" \/><div class='big-prev-fake'><img decoding=\"async\" loading=\"lazy\" class=\"wp-image-1950 avia-img-lazy-loading-1950\"  width=\"495\" height=\"400\" src=\"https:\/\/www.kortheuer.de\/content\/wp-content\/uploads\/2014\/06\/Foto-10-495x400.jpg\" title='Foto 10' alt='' srcset=\"https:\/\/www.kortheuer.de\/content\/wp-content\/uploads\/2014\/06\/Foto-10-495x400.jpg 495w, https:\/\/www.kortheuer.de\/content\/wp-content\/uploads\/2014\/06\/Foto-10-710x575.jpg 710w\" sizes=\"auto, (max-width: 495px) 100vw, 495px\" \/><\/div><\/a><a href=\"https:\/\/www.kortheuer.de\/content\/wp-content\/uploads\/2014\/06\/image-772x1030.jpeg\" data-srcset=\"https:\/\/www.kortheuer.de\/content\/wp-content\/uploads\/2014\/06\/image-772x1030.jpeg 772w, https:\/\/www.kortheuer.de\/content\/wp-content\/uploads\/2014\/06\/image-225x300.jpeg 225w, https:\/\/www.kortheuer.de\/content\/wp-content\/uploads\/2014\/06\/image-1125x1500.jpeg 1125w, https:\/\/www.kortheuer.de\/content\/wp-content\/uploads\/2014\/06\/image-528x705.jpeg 528w, https:\/\/www.kortheuer.de\/content\/wp-content\/uploads\/2014\/06\/image-450x600.jpeg 450w, https:\/\/www.kortheuer.de\/content\/wp-content\/uploads\/2014\/06\/image.jpeg 1536w\" data-sizes=\"(max-width: 772px) 100vw, 772px\" data-rel='gallery-1' data-prev-img='https:\/\/www.kortheuer.de\/content\/wp-content\/uploads\/2014\/06\/image-495x400.jpeg' class='lightbox ' data-onclick='2' title='image'  itemprop=\"thumbnailUrl\"  ><img decoding=\"async\" fetchpriority=\"high\" class=\"wp-image-1951 avia-img-lazy-loading-not-1951\"   src=\"https:\/\/www.kortheuer.de\/content\/wp-content\/uploads\/2014\/06\/image-495x400.jpeg\" width=\"495\" height=\"400\"  title='image' alt='' srcset=\"https:\/\/www.kortheuer.de\/content\/wp-content\/uploads\/2014\/06\/image-495x400.jpeg 495w, https:\/\/www.kortheuer.de\/content\/wp-content\/uploads\/2014\/06\/image-710x575.jpeg 710w\" sizes=\"(max-width: 495px) 100vw, 495px\" \/><div class='big-prev-fake'><img decoding=\"async\" loading=\"lazy\" class=\"wp-image-1951 avia-img-lazy-loading-1951\"  width=\"495\" height=\"400\" src=\"https:\/\/www.kortheuer.de\/content\/wp-content\/uploads\/2014\/06\/image-495x400.jpeg\" title='image' alt='' srcset=\"https:\/\/www.kortheuer.de\/content\/wp-content\/uploads\/2014\/06\/image-495x400.jpeg 495w, https:\/\/www.kortheuer.de\/content\/wp-content\/uploads\/2014\/06\/image-710x575.jpeg 710w\" sizes=\"auto, (max-width: 495px) 100vw, 495px\" \/><\/div><\/a><a href=\"https:\/\/www.kortheuer.de\/content\/wp-content\/uploads\/2014\/06\/DSC00710-1030x772.jpg\" data-srcset=\"https:\/\/www.kortheuer.de\/content\/wp-content\/uploads\/2014\/06\/DSC00710-1030x772.jpg 1030w, https:\/\/www.kortheuer.de\/content\/wp-content\/uploads\/2014\/06\/DSC00710-300x225.jpg 300w, https:\/\/www.kortheuer.de\/content\/wp-content\/uploads\/2014\/06\/DSC00710-1500x1125.jpg 1500w, https:\/\/www.kortheuer.de\/content\/wp-content\/uploads\/2014\/06\/DSC00710-705x528.jpg 705w, https:\/\/www.kortheuer.de\/content\/wp-content\/uploads\/2014\/06\/DSC00710-450x337.jpg 450w\" data-sizes=\"(max-width: 1030px) 100vw, 1030px\" data-rel='gallery-1' data-prev-img='https:\/\/www.kortheuer.de\/content\/wp-content\/uploads\/2014\/06\/DSC00710-495x400.jpg' class='first_thumb lightbox ' data-onclick='3' title='DSC00710'  itemprop=\"thumbnailUrl\"  ><img decoding=\"async\" fetchpriority=\"high\" class=\"wp-image-1660 avia-img-lazy-loading-not-1660\"   src=\"https:\/\/www.kortheuer.de\/content\/wp-content\/uploads\/2014\/06\/DSC00710-495x400.jpg\" width=\"495\" height=\"400\"  title='DSC00710' alt='' srcset=\"https:\/\/www.kortheuer.de\/content\/wp-content\/uploads\/2014\/06\/DSC00710-495x400.jpg 495w, https:\/\/www.kortheuer.de\/content\/wp-content\/uploads\/2014\/06\/DSC00710-710x575.jpg 710w\" sizes=\"(max-width: 495px) 100vw, 495px\" \/><div class='big-prev-fake'><img decoding=\"async\" loading=\"lazy\" class=\"wp-image-1660 avia-img-lazy-loading-1660\"  width=\"495\" height=\"400\" src=\"https:\/\/www.kortheuer.de\/content\/wp-content\/uploads\/2014\/06\/DSC00710-495x400.jpg\" title='DSC00710' alt='' srcset=\"https:\/\/www.kortheuer.de\/content\/wp-content\/uploads\/2014\/06\/DSC00710-495x400.jpg 495w, https:\/\/www.kortheuer.de\/content\/wp-content\/uploads\/2014\/06\/DSC00710-710x575.jpg 710w\" sizes=\"auto, (max-width: 495px) 100vw, 495px\" \/><\/div><\/a><\/div><\/div><\/p><\/div>\n","protected":false},"excerpt":{"rendered":"","protected":false},"author":2,"featured_media":0,"parent":0,"menu_order":0,"comment_status":"open","ping_status":"closed","template":"","meta":{"footnotes":""},"class_list":["post-1554","page","type-page","status-publish","hentry"],"_links":{"self":[{"href":"https:\/\/www.kortheuer.de\/index.php?rest_route=\/wp\/v2\/pages\/1554","targetHints":{"allow":["GET"]}}],"collection":[{"href":"https:\/\/www.kortheuer.de\/index.php?rest_route=\/wp\/v2\/pages"}],"about":[{"href":"https:\/\/www.kortheuer.de\/index.php?rest_route=\/wp\/v2\/types\/page"}],"author":[{"embeddable":true,"href":"https:\/\/www.kortheuer.de\/index.php?rest_route=\/wp\/v2\/users\/2"}],"replies":[{"embeddable":true,"href":"https:\/\/www.kortheuer.de\/index.php?rest_route=%2Fwp%2Fv2%2Fcomments&post=1554"}],"version-history":[{"count":13,"href":"https:\/\/www.kortheuer.de\/index.php?rest_route=\/wp\/v2\/pages\/1554\/revisions"}],"predecessor-version":[{"id":1953,"href":"https:\/\/www.kortheuer.de\/index.php?rest_route=\/wp\/v2\/pages\/1554\/revisions\/1953"}],"wp:attachment":[{"href":"https:\/\/www.kortheuer.de\/index.php?rest_route=%2Fwp%2Fv2%2Fmedia&parent=1554"}],"curies":[{"name":"wp","href":"https:\/\/api.w.org\/{rel}","templated":true}]}}