{"id":1540,"date":"2014-06-08T17:26:18","date_gmt":"2014-06-08T15:26:18","guid":{"rendered":"http:\/\/kortheuer.media-systeme.net\/content\/?page_id=1540"},"modified":"2018-06-05T18:05:15","modified_gmt":"2018-06-05T16:05:15","slug":"datenschutz","status":"publish","type":"page","link":"https:\/\/www.kortheuer.de\/?page_id=1540","title":{"rendered":"Datenschutz"},"content":{"rendered":"\n<style type=\"text\/css\" data-created_by=\"avia_inline_auto\" id=\"style-css-av-av_heading-891ffe0bfe2907523c2972c7601c40f4\">\n#top .av-special-heading.av-av_heading-891ffe0bfe2907523c2972c7601c40f4{\npadding-bottom:10px;\n}\nbody .av-special-heading.av-av_heading-891ffe0bfe2907523c2972c7601c40f4 .av-special-heading-tag .heading-char{\nfont-size:25px;\n}\n.av-special-heading.av-av_heading-891ffe0bfe2907523c2972c7601c40f4 .av-subheading{\nfont-size:15px;\n}\n<\/style>\n<div  class='av-special-heading av-av_heading-891ffe0bfe2907523c2972c7601c40f4 av-special-heading-h3  avia-builder-el-0  el_before_av_textblock  avia-builder-el-first '><h3 class='av-special-heading-tag '  itemprop=\"headline\"  >Erkl\u00e4rung zum Datenschutz (Privacy Policy) f\u00fcr Dieter Kortheuer | Garten- und Landschaftsbau<\/h3><div class=\"special-heading-border\"><div class=\"special-heading-inner-border\"><\/div><\/div><\/div>\n<section  class='av_textblock_section av-32hvck-37d9186a0fd0d4f924cab6116d6e75e8 '   itemscope=\"itemscope\" itemtype=\"https:\/\/schema.org\/CreativeWork\" ><div class='avia_textblock'  itemprop=\"text\" ><h1>Datenschutzerkl\u00e4rung<\/h1>\n<p>Die nachfolgende Datenschutzerkl\u00e4rung gilt f\u00fcr die Nutzung unseres Online-Angebots.<\/p>\n<p>Wir messen dem Datenschutz gro\u00dfe Bedeutung bei. Die Erhebung und Verarbeitung Ihrer personenbezogenen Daten geschieht unter Beachtung der geltenden datenschutzrechtlichen Vorschriften, insbesondere der Datenschutzgrundverordnung (DSGVO).<\/p>\n<h2><strong>I. Verantwortliche<\/strong><strong>r<\/strong><\/h2>\n<p>Verantwortlicher f\u00fcr die Erhebung, Verarbeitung und Nutzung Ihrer personenbezogenen Daten im Sinne von Art. 4 Nr. 7 DSGVO ist:<\/p>\n<p>Dieter Kortheuer<\/p>\n<p>Inh. Alexander Zimni<\/p>\n<p>Fischenbeck 57<\/p>\n<p>45472 M\u00fclheim an der Ruhr<\/p>\n<p>Germany<\/p>\n<p>Telefon:\u00a0\u00a0\u00a0 0208 \u2013 76 911<\/p>\n<p>Fax:\u00a0\u00a0\u00a0 0208 \u2013 3 88 22 63<\/p>\n<p>Webseite:\u00a0\u00a0\u00a0 www.kortheuer.de<\/p>\n<p>E-Mail:\u00a0\u00a0\u00a0 info@kortheuer.de<\/p>\n<p>Sofern Sie der Erhebung, Verarbeitung oder Nutzung Ihrer Daten durch uns nach Ma\u00dfgabe dieser Datenschutzbestimmungen insgesamt oder f\u00fcr einzelne Ma\u00dfnahmen widersprechen wollen, k\u00f6nnen Sie Ihren Widerspruch an den Verantwortlichen richten.<\/p>\n<h2><strong>II. Allgemeines zur Datenverarbeitung<\/strong><\/h2>\n<p><strong>Umfang der Verarbeitung personenbezogener Daten<\/strong><\/p>\n<p>Personenbezogene Daten sind Informationen, die sich auf eine identifizierte oder identifizierbare nat\u00fcrliche Person beziehen. Unter personenbezogene Daten fallen Informationen wie z. B. Ihr Name, Ihre Anschrift, Ihre Telefonnummer oder auch Online-Daten wie Ihre IP-Adresse.<\/p>\n<p>Wir verarbeiten personenbezogene Daten unserer Nutzer grunds\u00e4tzlich nur, soweit dies zur Bereitstellung einer funktionsf\u00e4higen Webseite sowie unserer Inhalte und Leistungen erforderlich ist. Die Verarbeitung personenbezogener Daten unserer Nutzer erfolgt regelm\u00e4\u00dfig nur nach Einwilligung des Nutzers. Eine Ausnahme gilt in solchen F\u00e4llen, in denen eine vorherige Einholung einer Einwilligung aus tats\u00e4chlichen Gr\u00fcnden nicht m\u00f6glich ist und die Verarbeitung der Daten durch gesetzliche Vorschriften gestattet ist.<\/p>\n<p><strong>Rechtsgrundlage f\u00fcr die Verarbeitung personenbezogener Daten<\/strong><\/p>\n<p>Soweit wir f\u00fcr Verarbeitungsvorg\u00e4nge personenbezogener Daten eine Einwilligung der betroffenen Person einholen, dient Art.\u00a06 Abs.\u00a01 lit.\u00a0a EU-Datenschutzgrundverordnung (DSGVO) als Rechtsgrundlage.<\/p>\n<p>Bei der Verarbeitung von personenbezogenen Daten, die zur Erf\u00fcllung eines Vertrages, dessen Vertragspartei die betroffene Person ist, erforderlich ist, dient Art.\u00a06 Abs.\u00a01 lit.\u00a0b DSGVO als Rechtsgrundlage. Dies gilt auch f\u00fcr Verarbeitungsvorg\u00e4nge, die zur Durchf\u00fchrung vorvertraglicher Ma\u00dfnahmen erforderlich sind.<\/p>\n<p>Soweit eine Verarbeitung personenbezogener Daten zur Erf\u00fcllung einer rechtlichen Verpflichtung erforderlich ist, der unser Unternehmen unterliegt, dient Art.\u00a06 Abs.\u00a01 lit.\u00a0c DSGVO als Rechtsgrundlage.<\/p>\n<p>F\u00fcr den Fall, dass lebenswichtige Interessen der betroffenen Person oder einer anderen nat\u00fcrlichen Person eine Verarbeitung personenbezogener Daten erforderlich machen, dient Art.\u00a06 Abs.\u00a01 lit.\u00a0d DSGVO als Rechtsgrundlage.<\/p>\n<p>Ist die Verarbeitung zur Wahrung eines berechtigten Interesses unseres Unternehmens oder eines Dritten erforderlich und \u00fcberwiegen die Interessen, Grundrechte und Grundfreiheiten des Betroffenen das erstgenannte Interesse nicht, so dient Art.\u00a06 Abs.\u00a01 lit.\u00a0f DSGVO als Rechtsgrundlage f\u00fcr die Verarbeitung.<\/p>\n<p><strong>Datenl\u00f6schung und Speicherdauer<\/strong><\/p>\n<p>Die personenbezogenen Daten der betroffenen Person werden gel\u00f6scht oder gesperrt, sobald der Zweck der Speicherung entf\u00e4llt. Eine Speicherung kann dar\u00fcber hinaus erfolgen, wenn dies durch den europ\u00e4ischen oder nationalen Gesetzgeber in unionsrechtlichen Verordnungen, Gesetzen oder sonstigen Vorschriften, denen der Verantwortliche unterliegt, vorgesehen wurde. Eine Sperrung oder L\u00f6schung der Daten erfolgt auch dann, wenn eine durch die genannten Normen vorgeschriebene Speicherfrist abl\u00e4uft, es sei denn, dass eine Erforderlichkeit zur weiteren Speicherung der Daten f\u00fcr einen Vertragsabschluss oder eine Vertragserf\u00fcllung besteht.<\/p>\n<h2><strong>III. Datenerfassung auf unserer Webseite<\/strong><\/h2>\n<p><strong>Bereitstellung <\/strong><strong>(Hosting) <\/strong><strong>der Webseite und Erstellung von Logfiles <\/strong><\/p>\n<p>Die von uns in Anspruch genommenen Hosting-Leistungen dienen der Zurverf\u00fcgungstellung der folgenden Leistungen: Infrastruktur- und Plattformdienstleistungen, Rechenkapazit\u00e4t, Speicherplatz und Datenbankdienste, Sicherheitsleistungen sowie technische Wartungsleistungen, die wir zum Zweck des Betriebs der Webseite einsetzen.<\/p>\n<p>Hierbei verarbeiten wir, bzw. unser Hostinganbieter Bestandsdaten, Kontaktdaten, Inhaltsdaten, Vertragsdaten, Nutzungsdaten, Meta- und Kommunikationsdaten von Kunden, Interessenten und Besuchern dieser Webseite auf Grundlage unserer berechtigten Interessen an einer effizienten und sicheren Zurverf\u00fcgungstellung unserer Webseite gem. Art. 6 Abs. 1 S. 1 f) DSGVO i.V.m. Art. 28 DSGVO. Die L\u00f6schung dieser Daten erfolgt, wenn diese nicht mehr erforderlich sind.<\/p>\n<p>Beim Aufrufen unserer Webseite werden durch den auf Ihrem Endger\u00e4t zum Einsatz kommenden Browser automatisch Informationen an den Server unserer Webseite gesendet. Diese Informationen werden tempor\u00e4r in einem sog. Logfile gespeichert. Folgende Informationen werden dabei ohne Ihr Zutun erfasst und bis zur automatisierten L\u00f6schung gespeichert:<\/p>\n<ul>\n<li>IP-Adresse des anfragenden Rechners,<\/li>\n<li>Datum und Uhrzeit des Zugriffs,<\/li>\n<li>Name und URL der abgerufenen Datei,<\/li>\n<li>Webseite, von der aus der Zugriff erfolgt (Referrer-URL),<\/li>\n<li>verwendeter Browser und ggf. das Betriebssystem Ihres Rechners sowie der Name Ihres Access-Providers.<\/li>\n<\/ul>\n<p>Die genannten Daten werden durch uns zu folgenden Zwecken verarbeitet:<\/p>\n<ul>\n<li>Gew\u00e4hrleistung eines reibungslosen Verbindungsaufbaus der Webseite,<\/li>\n<li>Gew\u00e4hrleistung einer komfortablen Nutzung unserer Webseite,<\/li>\n<li>Auswertung der Systemsicherheit und -stabilit\u00e4t<\/li>\n<\/ul>\n<p>Die Rechtsgrundlage f\u00fcr die Datenverarbeitung ist Art. 6 Abs. 1 S. 1 lit. f DSGVO. Unser berechtigtes Interesse folgt aus oben aufgelisteten Zwecken zur Datenerhebung. In keinem Fall verwenden wir die erhobenen Daten zu dem Zweck, R\u00fcckschl\u00fcsse auf Ihre Person zu ziehen.<br \/>\n<a name=\"Ankercookie\"><\/a><br \/>\nAus Sicherheitsgr\u00fcnden (bspw. im Betrugsfall) werden die Weblog Files zur Wahrung unserer berechtigten Interessen f\u00fcr eine begrenzte Zeit, maximal f\u00fcr die Dauer von 2 Monaten gespeichert und danach gel\u00f6scht.<\/p>\n<p><strong>Verwendung von Cookies<\/strong><\/p>\n<p>Unsere Webseite verwendet Cookies. Bei Cookies handelt es sich um Textdateien, die im Internetbrowser bzw. vom Internetbrowser auf dem Computersystem des Nutzers gespeichert werden. Ruft ein Nutzer eine Webseite auf, so kann ein Cookie auf dem Betriebssystem des Nutzers gespeichert werden. Dieser Cookie enth\u00e4lt eine charakteristische Zeichenfolge, die eine eindeutige Identifizierung des Browsers beim erneuten Aufrufen der Webseite erm\u00f6glicht.<\/p>\n<p>Cookies richten auf Ihrem Endger\u00e4t keinen Schaden an, enthalten keine Viren, Trojaner oder sonstige Schadsoftware. In dem Cookie werden Informationen abgelegt, die sich jeweils im Zusammenhang mit dem spezifisch eingesetzten Endger\u00e4t ergeben. Dies bedeutet jedoch nicht, dass wir dadurch unmittelbar Kenntnis von Ihrer Identit\u00e4t erhalten.<\/p>\n<p>Der Einsatz von Cookies dient einerseits dazu, die Nutzung unseres Angebots f\u00fcr Sie angenehmer zu gestalten. So setzen wir sogenannte Session-Cookies ein, um zu erkennen, dass Sie einzelne Seiten unserer Webseite bereits besucht haben. Diese werden nach Verlassen unserer Seite automatisch gel\u00f6scht. Dar\u00fcber hinaus setzen wir ebenfalls zur Optimierung der Benutzerfreundlichkeit tempor\u00e4re Cookies ein, die f\u00fcr einen bestimmten festgelegten Zeitraum auf Ihrem Endger\u00e4t gespeichert werden. Besuchen Sie unsere Seite erneut, um unsere Dienste in Anspruch zu nehmen, wird automatisch erkannt, dass Sie bereits bei uns waren und welche Eingaben und Einstellungen sie get\u00e4tigt haben, um diese nicht noch einmal eingeben zu m\u00fcssen. Die Rechtsgrundlage f\u00fcr die Verarbeitung personenbezogener Daten unter Verwendung von Cookies ist Art.\u00a06 Abs.\u00a01 lit.\u00a0f DSGVO.<\/p>\n<p>Der Zweck der Verwendung technisch notwendiger Cookies ist, die Nutzung von Webseiten f\u00fcr die Nutzer zu vereinfachen. Einige Funktionen unserer Internetseite k\u00f6nnen ohne den Einsatz von Cookies nicht angeboten werden. F\u00fcr diese ist es erforderlich, dass der Browser auch nach einem Seitenwechsel wiedererkannt wird. Die durch technisch notwendige Cookies erhobenen Nutzerdaten werden nicht zur Erstellung von Nutzerprofilen verwendet. In diesen Zwecken liegt auch unser berechtigtes Interesse in der Verarbeitung der personenbezogenen Daten nach Art.\u00a06 Abs.\u00a01 lit.\u00a0f DSGVO.<br \/>\n<a name=\"Ankerkontakt\"><\/a><br \/>\nCookies werden auf dem Rechner des Nutzers gespeichert und von diesem an unserer Seite \u00fcbermittelt. Daher haben Sie als Nutzer auch die volle Kontrolle \u00fcber die Verwendung von Cookies. Durch eine \u00c4nderung der Einstellungen in Ihrem Internetbrowser k\u00f6nnen Sie die \u00dcbertragung von Cookies deaktivieren oder einschr\u00e4nken, so dass keine Cookies auf Ihrem Computer gespeichert werden oder stets ein Hinweis erscheint, bevor ein neuer Cookie angelegt wird. Bereits gespeicherte Cookies k\u00f6nnen jederzeit gel\u00f6scht werden. Dies kann auch automatisiert erfolgen. Werden Cookies f\u00fcr unsere Webseite deaktiviert, k\u00f6nnen m\u00f6glicherweise nicht mehr alle Funktionen der Webseite vollumf\u00e4nglich genutzt werden.<\/p>\n<p><strong>Kontaktformular<\/strong><\/p>\n<p>Auf unserer Webseite ist ein Kontaktformular vorhanden, welches f\u00fcr die elektronische Kontaktaufnahme genutzt werden kann. Nimmt ein Nutzer diese M\u00f6glichkeit wahr, so werden die in der Eingabemaske eingegeben Daten an uns \u00fcbermittelt und gespeichert. Diese Daten sind:<\/p>\n<p>&#8211; Name<\/p>\n<p>&#8211; Emailadresse<\/p>\n<p>&#8211; Betreff<\/p>\n<p>&#8211; Nachricht<\/p>\n<p>Im Zeitpunkt der Absendung der Nachricht werden zudem folgende Daten gespeichert:<\/p>\n<p>&#8211; Die IP-Adresse des Nutzers<\/p>\n<p>&#8211; Datum und Uhrzeit des Versands<\/p>\n<p>F\u00fcr die Verarbeitung der Daten wird im Rahmen des Absendevorgangs auf diese Datenschutzerkl\u00e4rung verwiesen.<\/p>\n<p>Alternativ ist eine Kontaktaufnahme \u00fcber die bereitgestellte E-Mail-Adresse m\u00f6glich. In diesem Fall werden die mit der E-Mail \u00fcbermittelten personenbezogenen Daten des Nutzers gespeichert.<\/p>\n<p>Es erfolgt in diesem Zusammenhang keine Weitergabe der Daten an Dritte. Die Daten werden ausschlie\u00dflich f\u00fcr die Verarbeitung der Konversation verwendet.<\/p>\n<p>Rechtsgrundlage f\u00fcr die Verarbeitung der Daten ist bei Vorliegen einer Einwilligung des Nutzers Art. 6 Abs. 1 lit. a DSGVO. Rechtsgrundlage f\u00fcr die Verarbeitung der Daten, die im Zuge einer \u00dcbersendung einer E-Mail \u00fcbermittelt werden, ist Art. 6 Abs. 1 lit. f DSGVO. Zielt der E-Mail-Kontakt auf den Abschluss eines Vertrages ab, so ist zus\u00e4tzliche Rechtsgrundlage f\u00fcr die Verarbeitung Art. 6 Abs. 1 lit. b DSGVO.<\/p>\n<p>Die Verarbeitung der personenbezogenen Daten aus der Eingabemaske dient uns allein zur Bearbeitung der Kontaktaufnahme. Im Falle einer Kontaktaufnahme per E-Mail liegt hieran auch das erforderliche berechtigte Interesse an der Verarbeitung der Daten. Die sonstigen w\u00e4hrend des Absendevorgangs verarbeiteten personenbezogenen Daten dienen dazu, einen Missbrauch des Kontaktformulars zu verhindern und die Sicherheit unserer informationstechnischen Systeme sicherzustellen.<\/p>\n<p>Die Daten werden gel\u00f6scht, sobald sie f\u00fcr die Erreichung des Zweckes ihrer Erhebung nicht mehr erforderlich sind. F\u00fcr die personenbezogenen Daten aus der Eingabemaske des Kontaktformulars und diejenigen, die per E-Mail \u00fcbersandt wurden, ist dies dann der Fall, wenn die jeweilige Konversation mit dem Nutzer beendet ist. Beendet ist die Konversation dann, wenn sich aus den Umst\u00e4nden entnehmen l\u00e4sst, dass der betroffene Sachverhalt abschlie\u00dfend gekl\u00e4rt ist.<\/p>\n<p>Die w\u00e4hrend des Absendevorgang zus\u00e4tzlich erhobenen personenbezogenen Daten werden sp\u00e4testens nach einer Frist von sieben Tagen gel\u00f6scht.<\/p>\n<p>Der Nutzer hat jederzeit die M\u00f6glichkeit, seine Einwilligung zur Verarbeitung der personenbezogenen Daten zu widerrufen. Nimmt der Nutzer per E-Mail, Kontakt mit uns auf, so kann er der Speicherung seiner personenbezogenen Daten jederzeit widersprechen. In beiden F\u00e4llen reicht eine formlose Mitteilung an den Verantwortlichen unter den genannten Kontaktoptionen. In einem solchen Fall kann die Konversation nicht fortgef\u00fchrt werden. Alle personenbezogenen Daten, die im Zuge der Kontaktaufnahme gespeichert wurden, werden in diesem Fall gel\u00f6scht.<\/p>\n<h2><strong>IV. Einbindung <\/strong><strong>von Diensten und Inhalten Dritter<\/strong><\/h2>\n<p><strong>Google Fonts<\/strong><\/p>\n<p>Unsere Webseite nutzt zur einheitlichen Darstellung von Schriftarten so genannte Web Fonts, die von dem Anbieter Google (Google LLC, 1600 Amphitheatre Parkway, Mountain View, CA 94043, USA,) bereitgestellt werden. Das Unternehmen Google ist unter dem Privacy-Shield-Abkommen zertifiziert und damit verpflichtet das europ\u00e4ische Datenschutzrecht einzuhalten. Beim Aufruf einer Seite l\u00e4dt Ihr Browser die ben\u00f6tigten Web Fonts in ihren Browsercache, um Texte und Schriftarten korrekt anzuzeigen.<\/p>\n<p>Zu diesem Zweck muss der von Ihnen verwendete Browser Verbindung zu den Servern von Google aufnehmen. Hierdurch erlangt Google Kenntnis dar\u00fcber, dass \u00fcber Ihre IP-Adresse unsere Webseite aufgerufen wurde. Die Nutzung von Google Web Fonts erfolgt im Interesse einer einheitlichen und ansprechenden Darstellung unserer Online-Angebote. Dies stellt ein berechtigtes Interesse im Sinne von Art. 6 Abs. 1 lit. f DSGVO dar.<\/p>\n<p>Wenn Ihr Browser Web Fonts nicht unterst\u00fctzt, wird eine Standardschrift von Ihrem Computer genutzt.<\/p>\n<p>Weitere Informationen zu Google Web Fonts finden Sie unter\u00a0<a href=\"https:\/\/developers.google.com\/fonts\/faq\/\">https:\/\/developers.google.com\/fonts\/faq\/<\/a>\u00a0 \u00a0und in der Datenschutzerkl\u00e4rung von Google:\u00a0<a href=\"https:\/\/www.google.com\/policies\/privacy\/\">https:\/\/www.google.com\/policies\/privacy\/<\/a>\u00a0 .<\/p>\n<p><strong>Google Maps<\/strong><\/p>\n<p>Unsere Webseite nutzt \u00fcber eine API den Kartendienst Google Maps. Anbieter ist die Google Inc., 1600 Amphitheatre Parkway, Mountain View, CA 94043, USA.<\/p>\n<p>Zur Nutzung der Funktionen von Google Maps ist es notwendig, Ihre IP Adresse zu speichern. Diese Informationen werden in der Regel an einen Server von Google in den USA \u00fcbertragen und dort gespeichert. Der Anbieter dieser Seite hat keinen Einfluss auf diese Daten\u00fcbertragung.<\/p>\n<p>Die Nutzung von Google Maps erfolgt im Interesse einer ansprechenden Darstellung unserer Online-Angebote und an einer leichten Auffindbarkeit der von uns auf der Webseite angegebenen Orte. Dies stellt ein berechtigtes Interesse im Sinne von Art. 6 Abs. 1 lit. f DSGVO dar.<\/p>\n<p>Mehr Informationen zum Umgang mit Nutzerdaten finden Sie in der Datenschutzerkl\u00e4rung von Google:\u00a0<a href=\"https:\/\/www.google.de\/intl\/de\/policies\/privacy\/\">https:\/\/www.google.de\/intl\/de\/policies\/privacy\/<\/a>.<\/p>\n<p>Informationen verwalten, die Google verwendet, um Ihnen Werbung einzublenden und Einstellungen bez\u00fcglich der Werbung zu treffen finden Sie unter: <a href=\"http:\/\/www.google.de\/settings\/ads\">http:\/\/www.google.de\/settings\/ads<\/a>, und unter: <a href=\"https:\/\/adssettings.google.com\/authenticated\">https:\/\/adssettings.google.com\/authenticated<\/a>.<\/p>\n<h2><strong>V. Ihre Rechte<\/strong><\/h2>\n<p>Sie haben uns gegen\u00fcber folgende Rechte, hinsichtlich der bei uns \u00fcber Sie gespeicherten Daten:<\/p>\n<p><strong>Sie haben das Recht:<\/strong><\/p>\n<ul>\n<li>gem\u00e4\u00df Art. 15 DSGVO Auskunft \u00fcber Ihre von uns verarbeiteten personenbezogenen Daten zu verlangen. Insbesondere k\u00f6nnen Sie Auskunft \u00fcber die Verarbeitungszwecke, die Kategorie der personenbezogenen Daten, die Kategorien von Empf\u00e4ngern, gegen\u00fcber denen Ihre Daten offengelegt wurden oder werden, die geplante Speicherdauer, das Bestehen eines Rechts auf Berichtigung, L\u00f6schung, Einschr\u00e4nkung der Verarbeitung oder Widerspruch, das Bestehen eines Beschwerderechts, die Herkunft ihrer Daten, sofern diese nicht bei uns erhoben wurden, sowie \u00fcber das Bestehen einer automatisierten Entscheidungsfindung einschlie\u00dflich Profiling und ggf. Aussagekr\u00e4ftigen Informationen zu deren Einzelheiten verlangen;<\/li>\n<li>gem\u00e4\u00df Art. 16 DSGVO unverz\u00fcglich die Berichtigung unrichtiger oder Vervollst\u00e4ndigung Ihrer bei uns gespeicherten personenbezogenen Daten zu verlangen;<\/li>\n<li>gem\u00e4\u00df Art. 17 DSGVO die L\u00f6schung Ihrer bei uns gespeicherten personenbezogenen Daten zu verlangen, soweit nicht die Verarbeitung zur Aus\u00fcbung des Rechts auf freie Meinungs\u00e4u\u00dferung und Information, zur Erf\u00fcllung einer rechtlichen Verpflichtung, aus Gr\u00fcnden des \u00f6ffentlichen Interesses oder zur Geltendmachung, Aus\u00fcbung oder Verteidigung von Rechtsanspr\u00fcchen erforderlich ist;<\/li>\n<li>gem\u00e4\u00df Art. 18 DSGVO die Einschr\u00e4nkung der Verarbeitung Ihrer personenbezogenen Daten zu verlangen, soweit die Richtigkeit der Daten von Ihnen bestritten wird, die Verarbeitung unrechtm\u00e4\u00dfig ist, Sie aber deren L\u00f6schung ablehnen und wir die Daten nicht mehr ben\u00f6tigen, Sie jedoch diese zur Geltendmachung, Aus\u00fcbung oder Verteidigung von Rechtsanspr\u00fcchen ben\u00f6tigen oder Sie gem\u00e4\u00df Art. 21 DSGVO Widerspruch gegen die Verarbeitung eingelegt haben;<\/li>\n<li>gem\u00e4\u00df Art. 20 DSGVO Ihre personenbezogenen Daten, die Sie uns bereitgestellt haben, in einem strukturierten, g\u00e4ngigen und maschinenlesebaren Format zu erhalten oder die \u00dcbermittlung an einen anderen Verantwortlichen zu verlangen;<\/li>\n<li>gem\u00e4\u00df Art. 7 Abs. 3 DSGVO Ihre einmal erteilte Einwilligung jederzeit gegen\u00fcber uns zu widerrufen. Dies hat zur Folge, dass wir die Datenverarbeitung, die auf dieser Einwilligung beruhte, f\u00fcr die Zukunft nicht mehr fortf\u00fchren d\u00fcrfen und<\/li>\n<li>gem\u00e4\u00df Art. 77 DSGVO sich bei einer Aufsichtsbeh\u00f6rde zu beschweren. In der Regel k\u00f6nnen Sie sich hierf\u00fcr an die Aufsichtsbeh\u00f6rde Ihres \u00fcblichen Aufenthaltsortes oder Arbeitsplatzes oder unseres Firmensitzes wenden. Eine Liste mit den Kontaktdaten der Datenschutzbeauftragten finden Sie unter: <a href=\"https:\/\/www.bfdi.bund.de\/DE\/Infothek\/Anschriften_Links\/anschriften_links-node.html\">https:\/\/www.bfdi.bund.de\/DE\/Infothek\/Anschriften_Links\/anschriften_links-node.html<\/a>.<\/li>\n<\/ul>\n<h2><strong>VI. Widerspruchsrecht<\/strong><\/h2>\n<p><strong><em>Sofern Ihre personenbezogenen Daten auf Grundlage von berechtigten Interessen gem\u00e4\u00df Art. 6 Abs. 1 S. 1 lit. f DSGVO verarbeitet werden, haben Sie das Recht, gem\u00e4\u00df Art. 21 DSGVO Widerspruch gegen die Verarbeitung Ihrer personenbezogenen Daten einzulegen, soweit daf\u00fcr Gr\u00fcnde vorliegen, die sich aus Ihrer besonderen Situation ergeben oder sich der Widerspruch gegen Direktwerbung richtet. Im letzteren Fall haben Sie ein generelles Widerspruchsrecht, das ohne Angabe einer besonderen Situation von uns umgesetzt wird. M\u00f6chten Sie von Ihrem Widerrufs- oder Widerspruchsrecht Gebrauch machen, gen\u00fcgt eine E-Mail an info@kortheuer.de.<\/em><\/strong><\/p>\n<h2><strong>VII. Datensicherheit<\/strong><\/h2>\n<p>Ihre pers\u00f6nlichen Daten werden bei uns verschl\u00fcsselt \u00fcbertragen. Wir nutzen das Codierungssystem SSL (Secure Socket Layer), weisen jedoch darauf hin, dass die Daten\u00fcbertragung im Internet (z.B. bei der Kommunikation per E-Mail) Sicherheitsl\u00fccken aufweisen kann. Ein l\u00fcckenloser Schutz der Daten vor dem Zugriff durch Dritte ist nicht m\u00f6glich.<\/p>\n<p>Zur Sicherung Ihrer Daten unterhalten wir technische und organisatorische Sicherungsma\u00dfnahmen entsprechend Art. 32 DSGVO, die wir immer wieder dem Stand der Technik anpassen.<\/p>\n<h2><strong>VIII. Aktualit\u00e4t und \u00c4nderung dieser Datenschutzerkl\u00e4rung<\/strong><\/h2>\n<p>Diese Datenschutzerkl\u00e4rung ist aktuell g\u00fcltig. Durch die Weiterentwicklung unserer Webseite und Angebote dar\u00fcber oder aufgrund ge\u00e4nderter gesetzlicher beziehungsweise beh\u00f6rdlicher Vorgaben kann es notwendig werden, diese Datenschutzerkl\u00e4rung zu \u00e4ndern.<\/p>\n<h1><\/h1>\n<h1><\/h1>\n<\/div><\/section>\n","protected":false},"excerpt":{"rendered":"","protected":false},"author":2,"featured_media":0,"parent":0,"menu_order":0,"comment_status":"open","ping_status":"closed","template":"","meta":{"footnotes":""},"class_list":["post-1540","page","type-page","status-publish","hentry"],"_links":{"self":[{"href":"https:\/\/www.kortheuer.de\/index.php?rest_route=\/wp\/v2\/pages\/1540","targetHints":{"allow":["GET"]}}],"collection":[{"href":"https:\/\/www.kortheuer.de\/index.php?rest_route=\/wp\/v2\/pages"}],"about":[{"href":"https:\/\/www.kortheuer.de\/index.php?rest_route=\/wp\/v2\/types\/page"}],"author":[{"embeddable":true,"href":"https:\/\/www.kortheuer.de\/index.php?rest_route=\/wp\/v2\/users\/2"}],"replies":[{"embeddable":true,"href":"https:\/\/www.kortheuer.de\/index.php?rest_route=%2Fwp%2Fv2%2Fcomments&post=1540"}],"version-history":[{"count":13,"href":"https:\/\/www.kortheuer.de\/index.php?rest_route=\/wp\/v2\/pages\/1540\/revisions"}],"predecessor-version":[{"id":2125,"href":"https:\/\/www.kortheuer.de\/index.php?rest_route=\/wp\/v2\/pages\/1540\/revisions\/2125"}],"wp:attachment":[{"href":"https:\/\/www.kortheuer.de\/index.php?rest_route=%2Fwp%2Fv2%2Fmedia&parent=1540"}],"curies":[{"name":"wp","href":"https:\/\/api.w.org\/{rel}","templated":true}]}}